{"id":9,"date":"2023-11-01T15:40:03","date_gmt":"2023-11-01T15:40:03","guid":{"rendered":"https:\/\/workndesign.de\/?page_id=9"},"modified":"2025-01-28T10:48:20","modified_gmt":"2025-01-28T09:48:20","slug":"starter-design-startpage","status":"publish","type":"page","link":"https:\/\/workndesign.de\/","title":{"rendered":"Starter Design Startseite"},"content":{"rendered":"\n<div class=\"wp-block-group alignwide is-layout-constrained wp-container-core-group-is-layout-168f5cf4 wp-block-group-is-layout-constrained\" style=\"padding-top:0;padding-right:0;padding-bottom:0;padding-left:0\">\n<div class=\"wp-block-group alignwide has-border-color is-layout-constrained wp-container-core-group-is-layout-375c3add wp-block-group-is-layout-constrained\" style=\"border-color:#24282c;border-width:1px;border-radius:5px;padding-top:var(--wp--preset--spacing--40);padding-right:var(--wp--preset--spacing--40);padding-bottom:var(--wp--preset--spacing--40);padding-left:var(--wp--preset--spacing--40)\">\n<div class=\"wp-block-media-text alignwide is-stacked-on-mobile is-vertically-aligned-center\"><figure class=\"wp-block-media-text__media\"><img loading=\"lazy\" decoding=\"async\" width=\"960\" height=\"456\" src=\"https:\/\/workndesign.de\/wp-content\/uploads\/workndesign-starter-css-content-design-color.png\" alt=\"\" class=\"wp-image-334 size-full\" srcset=\"https:\/\/workndesign.de\/wp-content\/uploads\/workndesign-starter-css-content-design-color.png 960w, https:\/\/workndesign.de\/wp-content\/uploads\/workndesign-starter-css-content-design-color-480x228.png 480w, https:\/\/workndesign.de\/wp-content\/uploads\/workndesign-starter-css-content-design-color-240x114.png 240w, https:\/\/workndesign.de\/wp-content\/uploads\/workndesign-starter-css-content-design-color-768x365.png 768w\" sizes=\"auto, (max-width: 960px) 100vw, 960px\" \/><\/figure><div class=\"wp-block-media-text__content\">\n<p class=\"has-text-align-center has-cyan-bluish-gray-color has-text-color has-large-font-size\">Entire System L\u00f6sungungen Design<\/p>\n\n\n\n<p class=\"has-text-align-center has-cyan-bluish-gray-color has-text-color has-large-font-size\">Benutzerdefinierte L\u00f6sungen Design<\/p>\n<\/div><\/div>\n<\/div>\n\n\n\n<div class=\"wp-block-group alignwide is-layout-constrained wp-container-core-group-is-layout-375c3add wp-block-group-is-layout-constrained\" style=\"padding-top:var(--wp--preset--spacing--40);padding-right:var(--wp--preset--spacing--40);padding-bottom:var(--wp--preset--spacing--40);padding-left:var(--wp--preset--spacing--40)\">\n<div class=\"wp-block-media-text alignwide has-media-on-the-right is-stacked-on-mobile is-vertically-aligned-center\"><div class=\"wp-block-media-text__content\">\n<p class=\"has-text-align-center has-cyan-bluish-gray-color has-text-color has-large-font-size\">Design von E-Commerce-L\u00f6sungen<\/p>\n\n\n\n<p class=\"has-text-align-center has-cyan-bluish-gray-color has-text-color has-large-font-size\">Benutzerdefiniert E-Commerce-Design<\/p>\n<\/div><figure class=\"wp-block-media-text__media\"><img loading=\"lazy\" decoding=\"async\" width=\"960\" height=\"456\" src=\"https:\/\/workndesign.de\/wp-content\/uploads\/workndesign-starter-css-solution-design-color.png\" alt=\"\" class=\"wp-image-356 size-full\" srcset=\"https:\/\/workndesign.de\/wp-content\/uploads\/workndesign-starter-css-solution-design-color.png 960w, https:\/\/workndesign.de\/wp-content\/uploads\/workndesign-starter-css-solution-design-color-480x228.png 480w, https:\/\/workndesign.de\/wp-content\/uploads\/workndesign-starter-css-solution-design-color-240x114.png 240w, https:\/\/workndesign.de\/wp-content\/uploads\/workndesign-starter-css-solution-design-color-768x365.png 768w\" sizes=\"auto, (max-width: 960px) 100vw, 960px\" \/><\/figure><\/div>\n<\/div>\n\n\n\n<div class=\"wp-block-group alignwide has-border-color is-layout-constrained wp-container-core-group-is-layout-375c3add wp-block-group-is-layout-constrained\" style=\"border-color:#24282c;border-width:1px;border-radius:5px;padding-top:var(--wp--preset--spacing--40);padding-right:var(--wp--preset--spacing--40);padding-bottom:var(--wp--preset--spacing--40);padding-left:var(--wp--preset--spacing--40)\">\n<div class=\"wp-block-media-text alignwide is-stacked-on-mobile is-vertically-aligned-center\"><figure class=\"wp-block-media-text__media\"><img loading=\"lazy\" decoding=\"async\" width=\"960\" height=\"456\" src=\"https:\/\/workndesign.de\/wp-content\/uploads\/workndesign-starter-css-developing-color.png\" alt=\"\" class=\"wp-image-338 size-full\" srcset=\"https:\/\/workndesign.de\/wp-content\/uploads\/workndesign-starter-css-developing-color.png 960w, https:\/\/workndesign.de\/wp-content\/uploads\/workndesign-starter-css-developing-color-480x228.png 480w, https:\/\/workndesign.de\/wp-content\/uploads\/workndesign-starter-css-developing-color-240x114.png 240w, https:\/\/workndesign.de\/wp-content\/uploads\/workndesign-starter-css-developing-color-768x365.png 768w\" sizes=\"auto, (max-width: 960px) 100vw, 960px\" \/><\/figure><div class=\"wp-block-media-text__content\">\n<p class=\"has-text-align-center has-cyan-bluish-gray-color has-text-color has-large-font-size\">Entire System Entwicklungszentrum<\/p>\n\n\n\n<p class=\"has-text-align-center has-large-font-size\">System Select Entwicklung<\/p>\n<\/div><\/div>\n\n\n\n<div class=\"wp-block-buttons alignwide is-layout-flex wp-block-buttons-is-layout-flex\">\n<div class=\"wp-block-button has-custom-width wp-block-button__width-100\"><a class=\"wp-block-button__link has-text-align-right wp-element-button\" href=\"https:\/\/workndesign.de\/?p=21\">So funktioniert&#8217;s<\/a><\/div>\n<\/div>\n<\/div>\n\n\n\n<div class=\"wp-block-group alignwide is-layout-constrained wp-container-core-group-is-layout-12243e0f wp-block-group-is-layout-constrained\">\n<div class=\"wp-block-columns alignwide is-layout-flex wp-container-core-columns-is-layout-28f84493 wp-block-columns-is-layout-flex\">\n<div class=\"wp-block-column is-layout-constrained wp-container-core-column-is-layout-12243e0f wp-block-column-is-layout-constrained\">\n<div class=\"wp-block-buttons alignwide is-content-justification-center is-layout-flex wp-container-core-buttons-is-layout-a89b3969 wp-block-buttons-is-layout-flex\">\n<div class=\"wp-block-button has-custom-width wp-block-button__width-100\"><a class=\"wp-block-button__link wp-element-button\" href=\"https:\/\/workndesign.de\/?page_id=49\"><font>Werbung Blog&#8217;s<\/font><img loading=\"lazy\" decoding=\"async\" width=\"960\" height=\"456\" class=\"wp-image-362\" src=\"https:\/\/workndesign.de\/wp-content\/uploads\/workndesign-starter-css-advertise-blog-color.png\" alt=\"\" srcset=\"https:\/\/workndesign.de\/wp-content\/uploads\/workndesign-starter-css-advertise-blog-color.png 960w, https:\/\/workndesign.de\/wp-content\/uploads\/workndesign-starter-css-advertise-blog-color-480x228.png 480w, https:\/\/workndesign.de\/wp-content\/uploads\/workndesign-starter-css-advertise-blog-color-240x114.png 240w, https:\/\/workndesign.de\/wp-content\/uploads\/workndesign-starter-css-advertise-blog-color-768x365.png 768w\" sizes=\"auto, (max-width: 960px) 100vw, 960px\" \/><\/a><\/div>\n<\/div>\n<\/div>\n\n\n\n<div class=\"wp-block-column is-layout-constrained wp-container-core-column-is-layout-12243e0f wp-block-column-is-layout-constrained\">\n<div class=\"wp-block-buttons alignwide is-content-justification-center is-layout-flex wp-container-core-buttons-is-layout-a89b3969 wp-block-buttons-is-layout-flex\">\n<div class=\"wp-block-button has-custom-width wp-block-button__width-100\"><a class=\"wp-block-button__link wp-element-button\" href=\"https:\/\/workndesign.de\/?page_id=51\"><font>Kurzfilme<\/font><img loading=\"lazy\" decoding=\"async\" width=\"960\" height=\"456\" class=\"wp-image-354\" src=\"https:\/\/workndesign.de\/wp-content\/uploads\/workndesign-starter-css-short-mobvie-color.png\" alt=\"\" srcset=\"https:\/\/workndesign.de\/wp-content\/uploads\/workndesign-starter-css-short-mobvie-color.png 960w, https:\/\/workndesign.de\/wp-content\/uploads\/workndesign-starter-css-short-mobvie-color-480x228.png 480w, https:\/\/workndesign.de\/wp-content\/uploads\/workndesign-starter-css-short-mobvie-color-240x114.png 240w, https:\/\/workndesign.de\/wp-content\/uploads\/workndesign-starter-css-short-mobvie-color-768x365.png 768w\" sizes=\"auto, (max-width: 960px) 100vw, 960px\" \/><\/a><\/div>\n<\/div>\n<\/div>\n\n\n\n<div class=\"wp-block-column is-layout-constrained wp-container-core-column-is-layout-12243e0f wp-block-column-is-layout-constrained\">\n<div class=\"wp-block-buttons alignwide is-content-justification-center is-layout-flex wp-container-core-buttons-is-layout-a89b3969 wp-block-buttons-is-layout-flex\">\n<div class=\"wp-block-button has-custom-width wp-block-button__width-100\"><a class=\"wp-block-button__link wp-element-button\" href=\"https:\/\/workndesign.de\/?page_id=52\"><font>Bilder und Hintergrundbilder<\/font><img loading=\"lazy\" decoding=\"async\" width=\"960\" height=\"456\" class=\"wp-image-357\" src=\"https:\/\/workndesign.de\/wp-content\/uploads\/workndesign-starter-css-wallpaper-color.png\" alt=\"\" srcset=\"https:\/\/workndesign.de\/wp-content\/uploads\/workndesign-starter-css-wallpaper-color.png 960w, https:\/\/workndesign.de\/wp-content\/uploads\/workndesign-starter-css-wallpaper-color-480x228.png 480w, https:\/\/workndesign.de\/wp-content\/uploads\/workndesign-starter-css-wallpaper-color-240x114.png 240w, https:\/\/workndesign.de\/wp-content\/uploads\/workndesign-starter-css-wallpaper-color-768x365.png 768w\" sizes=\"auto, (max-width: 960px) 100vw, 960px\" \/><\/a><\/div>\n<\/div>\n<\/div>\n\n\n\n<div class=\"wp-block-column is-layout-constrained wp-container-core-column-is-layout-12243e0f wp-block-column-is-layout-constrained\">\n<div class=\"wp-block-buttons alignwide is-content-justification-center is-layout-flex wp-container-core-buttons-is-layout-a89b3969 wp-block-buttons-is-layout-flex\">\n<div class=\"wp-block-button has-custom-width wp-block-button__width-100\"><a class=\"wp-block-button__link wp-element-button\" href=\"https:\/\/workndesign.de\/?page_id=53\">Hinter den Kulissen<img loading=\"lazy\" decoding=\"async\" width=\"960\" height=\"456\" class=\"wp-image-329\" src=\"https:\/\/workndesign.de\/wp-content\/uploads\/workndesign-starter-css-behind-szenes-color.png\" alt=\"\" srcset=\"https:\/\/workndesign.de\/wp-content\/uploads\/workndesign-starter-css-behind-szenes-color.png 960w, https:\/\/workndesign.de\/wp-content\/uploads\/workndesign-starter-css-behind-szenes-color-480x228.png 480w, https:\/\/workndesign.de\/wp-content\/uploads\/workndesign-starter-css-behind-szenes-color-240x114.png 240w, https:\/\/workndesign.de\/wp-content\/uploads\/workndesign-starter-css-behind-szenes-color-768x365.png 768w\" sizes=\"auto, (max-width: 960px) 100vw, 960px\" \/><\/a><\/div>\n<\/div>\n<\/div>\n<\/div>\n<\/div>\n\n\n\n<div class=\"wp-block-group alignwide is-layout-constrained wp-container-core-group-is-layout-12243e0f wp-block-group-is-layout-constrained\">\n<ul class=\"wp-block-social-links aligncenter has-visible-labels has-icon-color is-style-logos-only is-horizontal is-content-justification-center is-layout-flex wp-container-core-social-links-is-layout-03627597 wp-block-social-links-is-layout-flex\"><li style=\"color:#abb8c3;\" class=\"wp-social-link wp-social-link-twitter has-cyan-bluish-gray-color wp-block-social-link\"><a href=\"https:\/\/twitter.com\/WorkNDesign\" class=\"wp-block-social-link-anchor\"><svg width=\"24\" height=\"24\" viewBox=\"0 0 24 24\" version=\"1.1\" xmlns=\"http:\/\/www.w3.org\/2000\/svg\" aria-hidden=\"true\" focusable=\"false\"><path d=\"M22.23,5.924c-0.736,0.326-1.527,0.547-2.357,0.646c0.847-0.508,1.498-1.312,1.804-2.27 c-0.793,0.47-1.671,0.812-2.606,0.996C18.324,4.498,17.257,4,16.077,4c-2.266,0-4.103,1.837-4.103,4.103 c0,0.322,0.036,0.635,0.106,0.935C8.67,8.867,5.647,7.234,3.623,4.751C3.27,5.357,3.067,6.062,3.067,6.814 c0,1.424,0.724,2.679,1.825,3.415c-0.673-0.021-1.305-0.206-1.859-0.513c0,0.017,0,0.034,0,0.052c0,1.988,1.414,3.647,3.292,4.023 c-0.344,0.094-0.707,0.144-1.081,0.144c-0.264,0-0.521-0.026-0.772-0.074c0.522,1.63,2.038,2.816,3.833,2.85 c-1.404,1.1-3.174,1.756-5.096,1.756c-0.331,0-0.658-0.019-0.979-0.057c1.816,1.164,3.973,1.843,6.29,1.843 c7.547,0,11.675-6.252,11.675-11.675c0-0.178-0.004-0.355-0.012-0.531C20.985,7.47,21.68,6.747,22.23,5.924z\"><\/path><\/svg><span class=\"wp-block-social-link-label\">Twitter<\/span><\/a><\/li>\n\n<li style=\"color:#abb8c3;\" class=\"wp-social-link wp-social-link-whatsapp has-cyan-bluish-gray-color wp-block-social-link\"><a href=\"https:\/\/wa.me\/855886227180\" class=\"wp-block-social-link-anchor\"><svg width=\"24\" height=\"24\" viewBox=\"0 0 24 24\" version=\"1.1\" xmlns=\"http:\/\/www.w3.org\/2000\/svg\" aria-hidden=\"true\" focusable=\"false\"><path d=\"M 12.011719 2 C 6.5057187 2 2.0234844 6.478375 2.0214844 11.984375 C 2.0204844 13.744375 2.4814687 15.462563 3.3554688 16.976562 L 2 22 L 7.2324219 20.763672 C 8.6914219 21.559672 10.333859 21.977516 12.005859 21.978516 L 12.009766 21.978516 C 17.514766 21.978516 21.995047 17.499141 21.998047 11.994141 C 22.000047 9.3251406 20.962172 6.8157344 19.076172 4.9277344 C 17.190172 3.0407344 14.683719 2.001 12.011719 2 z M 12.009766 4 C 14.145766 4.001 16.153109 4.8337969 17.662109 6.3417969 C 19.171109 7.8517969 20.000047 9.8581875 19.998047 11.992188 C 19.996047 16.396187 16.413812 19.978516 12.007812 19.978516 C 10.674812 19.977516 9.3544062 19.642812 8.1914062 19.007812 L 7.5175781 18.640625 L 6.7734375 18.816406 L 4.8046875 19.28125 L 5.2851562 17.496094 L 5.5019531 16.695312 L 5.0878906 15.976562 C 4.3898906 14.768562 4.0204844 13.387375 4.0214844 11.984375 C 4.0234844 7.582375 7.6067656 4 12.009766 4 z M 8.4765625 7.375 C 8.3095625 7.375 8.0395469 7.4375 7.8105469 7.6875 C 7.5815469 7.9365 6.9355469 8.5395781 6.9355469 9.7675781 C 6.9355469 10.995578 7.8300781 12.182609 7.9550781 12.349609 C 8.0790781 12.515609 9.68175 15.115234 12.21875 16.115234 C 14.32675 16.946234 14.754891 16.782234 15.212891 16.740234 C 15.670891 16.699234 16.690438 16.137687 16.898438 15.554688 C 17.106437 14.971687 17.106922 14.470187 17.044922 14.367188 C 16.982922 14.263188 16.816406 14.201172 16.566406 14.076172 C 16.317406 13.951172 15.090328 13.348625 14.861328 13.265625 C 14.632328 13.182625 14.464828 13.140625 14.298828 13.390625 C 14.132828 13.640625 13.655766 14.201187 13.509766 14.367188 C 13.363766 14.534188 13.21875 14.556641 12.96875 14.431641 C 12.71875 14.305641 11.914938 14.041406 10.960938 13.191406 C 10.218937 12.530406 9.7182656 11.714844 9.5722656 11.464844 C 9.4272656 11.215844 9.5585938 11.079078 9.6835938 10.955078 C 9.7955938 10.843078 9.9316406 10.663578 10.056641 10.517578 C 10.180641 10.371578 10.223641 10.267562 10.306641 10.101562 C 10.389641 9.9355625 10.347156 9.7890625 10.285156 9.6640625 C 10.223156 9.5390625 9.737625 8.3065 9.515625 7.8125 C 9.328625 7.3975 9.131125 7.3878594 8.953125 7.3808594 C 8.808125 7.3748594 8.6425625 7.375 8.4765625 7.375 z\"><\/path><\/svg><span class=\"wp-block-social-link-label\">WhatsApp<\/span><\/a><\/li>\n\n<li style=\"color:#abb8c3;\" class=\"wp-social-link wp-social-link-youtube has-cyan-bluish-gray-color wp-block-social-link\"><a href=\"https:\/\/youtube.com\/channel\/UCQwvVgUmKZi1NaBgS1n8bxQ\" class=\"wp-block-social-link-anchor\"><svg width=\"24\" height=\"24\" viewBox=\"0 0 24 24\" version=\"1.1\" xmlns=\"http:\/\/www.w3.org\/2000\/svg\" aria-hidden=\"true\" focusable=\"false\"><path d=\"M21.8,8.001c0,0-0.195-1.378-0.795-1.985c-0.76-0.797-1.613-0.801-2.004-0.847c-2.799-0.202-6.997-0.202-6.997-0.202 h-0.009c0,0-4.198,0-6.997,0.202C4.608,5.216,3.756,5.22,2.995,6.016C2.395,6.623,2.2,8.001,2.2,8.001S2,9.62,2,11.238v1.517 c0,1.618,0.2,3.237,0.2,3.237s0.195,1.378,0.795,1.985c0.761,0.797,1.76,0.771,2.205,0.855c1.6,0.153,6.8,0.201,6.8,0.201 s4.203-0.006,7.001-0.209c0.391-0.047,1.243-0.051,2.004-0.847c0.6-0.607,0.795-1.985,0.795-1.985s0.2-1.618,0.2-3.237v-1.517 C22,9.62,21.8,8.001,21.8,8.001z M9.935,14.594l-0.001-5.62l5.404,2.82L9.935,14.594z\"><\/path><\/svg><span class=\"wp-block-social-link-label\">youtube<\/span><\/a><\/li>\n\n<li style=\"color:#abb8c3;\" class=\"wp-social-link wp-social-link-instagram has-cyan-bluish-gray-color wp-block-social-link\"><a href=\"https:\/\/instagram.com\/media.workndesign?utm_source=qr&#038;igshid=MTFrang1OXVqd3EwcA==\" class=\"wp-block-social-link-anchor\"><svg width=\"24\" height=\"24\" viewBox=\"0 0 24 24\" version=\"1.1\" xmlns=\"http:\/\/www.w3.org\/2000\/svg\" aria-hidden=\"true\" focusable=\"false\"><path d=\"M12,4.622c2.403,0,2.688,0.009,3.637,0.052c0.877,0.04,1.354,0.187,1.671,0.31c0.42,0.163,0.72,0.358,1.035,0.673 c0.315,0.315,0.51,0.615,0.673,1.035c0.123,0.317,0.27,0.794,0.31,1.671c0.043,0.949,0.052,1.234,0.052,3.637 s-0.009,2.688-0.052,3.637c-0.04,0.877-0.187,1.354-0.31,1.671c-0.163,0.42-0.358,0.72-0.673,1.035 c-0.315,0.315-0.615,0.51-1.035,0.673c-0.317,0.123-0.794,0.27-1.671,0.31c-0.949,0.043-1.233,0.052-3.637,0.052 s-2.688-0.009-3.637-0.052c-0.877-0.04-1.354-0.187-1.671-0.31c-0.42-0.163-0.72-0.358-1.035-0.673 c-0.315-0.315-0.51-0.615-0.673-1.035c-0.123-0.317-0.27-0.794-0.31-1.671C4.631,14.688,4.622,14.403,4.622,12 s0.009-2.688,0.052-3.637c0.04-0.877,0.187-1.354,0.31-1.671c0.163-0.42,0.358-0.72,0.673-1.035 c0.315-0.315,0.615-0.51,1.035-0.673c0.317-0.123,0.794-0.27,1.671-0.31C9.312,4.631,9.597,4.622,12,4.622 M12,3 C9.556,3,9.249,3.01,8.289,3.054C7.331,3.098,6.677,3.25,6.105,3.472C5.513,3.702,5.011,4.01,4.511,4.511 c-0.5,0.5-0.808,1.002-1.038,1.594C3.25,6.677,3.098,7.331,3.054,8.289C3.01,9.249,3,9.556,3,12c0,2.444,0.01,2.751,0.054,3.711 c0.044,0.958,0.196,1.612,0.418,2.185c0.23,0.592,0.538,1.094,1.038,1.594c0.5,0.5,1.002,0.808,1.594,1.038 c0.572,0.222,1.227,0.375,2.185,0.418C9.249,20.99,9.556,21,12,21s2.751-0.01,3.711-0.054c0.958-0.044,1.612-0.196,2.185-0.418 c0.592-0.23,1.094-0.538,1.594-1.038c0.5-0.5,0.808-1.002,1.038-1.594c0.222-0.572,0.375-1.227,0.418-2.185 C20.99,14.751,21,14.444,21,12s-0.01-2.751-0.054-3.711c-0.044-0.958-0.196-1.612-0.418-2.185c-0.23-0.592-0.538-1.094-1.038-1.594 c-0.5-0.5-1.002-0.808-1.594-1.038c-0.572-0.222-1.227-0.375-2.185-0.418C14.751,3.01,14.444,3,12,3L12,3z M12,7.378 c-2.552,0-4.622,2.069-4.622,4.622S9.448,16.622,12,16.622s4.622-2.069,4.622-4.622S14.552,7.378,12,7.378z M12,15 c-1.657,0-3-1.343-3-3s1.343-3,3-3s3,1.343,3,3S13.657,15,12,15z M16.804,6.116c-0.596,0-1.08,0.484-1.08,1.08 s0.484,1.08,1.08,1.08c0.596,0,1.08-0.484,1.08-1.08S17.401,6.116,16.804,6.116z\"><\/path><\/svg><span class=\"wp-block-social-link-label\">Instagram<\/span><\/a><\/li>\n\n<li style=\"color:#abb8c3;\" class=\"wp-social-link wp-social-link-facebook has-cyan-bluish-gray-color wp-block-social-link\"><a href=\"https:\/\/web.facebook.com\/workndesign.de\" class=\"wp-block-social-link-anchor\"><svg width=\"24\" height=\"24\" viewBox=\"0 0 24 24\" version=\"1.1\" xmlns=\"http:\/\/www.w3.org\/2000\/svg\" aria-hidden=\"true\" focusable=\"false\"><path d=\"M12 2C6.5 2 2 6.5 2 12c0 5 3.7 9.1 8.4 9.9v-7H7.9V12h2.5V9.8c0-2.5 1.5-3.9 3.8-3.9 1.1 0 2.2.2 2.2.2v2.5h-1.3c-1.2 0-1.6.8-1.6 1.6V12h2.8l-.4 2.9h-2.3v7C18.3 21.1 22 17 22 12c0-5.5-4.5-10-10-10z\"><\/path><\/svg><span class=\"wp-block-social-link-label\">Facebook<\/span><\/a><\/li><\/ul>\n<\/div>\n<\/div>\n","protected":false},"excerpt":{"rendered":"<p>Entire System L\u00f6sungungen Design Benutzerdefinierte L\u00f6sungen Design Design von E-Commerce-L\u00f6sungen Benutzerdefiniert E-Commerce-Design Entire System Entwicklungszentrum System Select Entwicklung<\/p>\n","protected":false},"author":1,"featured_media":0,"parent":0,"menu_order":1,"comment_status":"open","ping_status":"closed","template":"","meta":{"footnotes":""},"class_list":["post-9","page","type-page","status-publish","hentry"],"_links":{"self":[{"href":"https:\/\/workndesign.de\/index.php?rest_route=\/wp\/v2\/pages\/9","targetHints":{"allow":["GET"]}}],"collection":[{"href":"https:\/\/workndesign.de\/index.php?rest_route=\/wp\/v2\/pages"}],"about":[{"href":"https:\/\/workndesign.de\/index.php?rest_route=\/wp\/v2\/types\/page"}],"author":[{"embeddable":true,"href":"https:\/\/workndesign.de\/index.php?rest_route=\/wp\/v2\/users\/1"}],"replies":[{"embeddable":true,"href":"https:\/\/workndesign.de\/index.php?rest_route=%2Fwp%2Fv2%2Fcomments&post=9"}],"version-history":[{"count":0,"href":"https:\/\/workndesign.de\/index.php?rest_route=\/wp\/v2\/pages\/9\/revisions"}],"wp:attachment":[{"href":"https:\/\/workndesign.de\/index.php?rest_route=%2Fwp%2Fv2%2Fmedia&parent=9"}],"curies":[{"name":"wp","href":"https:\/\/api.w.org\/{rel}","templated":true}]}}